{"id":11,"date":"2015-05-03T20:03:58","date_gmt":"2015-05-03T20:03:58","guid":{"rendered":"http:\/\/luzdesol.com.br\/?page_id=11"},"modified":"2015-06-01T16:12:51","modified_gmt":"2015-06-01T16:12:51","slug":"sobre","status":"publish","type":"page","link":"https:\/\/luzdesol.com.br\/?page_id=11","title":{"rendered":"Como Funciona"},"content":{"rendered":"<p><a href=\"http:\/\/luzdesol.com.br\/wp-content\/uploads\/2015\/05\/infogr\u00e1fico_casa_raster25.jpg\"><img loading=\"lazy\" class=\"alignleft wp-image-326 \" src=\"http:\/\/luzdesol.com.br\/wp-content\/uploads\/2015\/05\/infogr\u00e1fico_casa_raster25.jpg\" alt=\"\" width=\"650\" height=\"608\" \/><\/a><\/p>\n<p>&nbsp;<\/p>\n<p>&nbsp;<\/p>\n<p>&nbsp;<\/p>\n<ul>\n<li style=\"text-align: justify;\">Os paineis fotovoltaicos (1), fabricados com c\u00e9lulas de sil\u00edcio, captam a luz solar, cuja radia\u00e7\u00e3o gera um movimento de el\u00e9trons que produzem energia em corrente cont\u00ednua. Conduzida ao aparelho inversor (2), a energia \u00e9 transformada em corrente alternada, prioritariamente abastecendo o consumo da resid\u00eancia (3).<\/li>\n<\/ul>\n<p>&nbsp;<\/p>\n<ul>\n<li style=\"text-align: justify;\">Quando essa gera\u00e7\u00e3o \u00e9 maior que o consumo, o excedente \u00e9 enviado \u00e0 rede da Companhia (4), que computa o cr\u00e9dito ao consumidor. Ao gerar menos do que consome, sua resid\u00eancia ou empresa \u00e9 automaticamente suprida pela energia externa, sem descontinuidade no fornecimento.<\/li>\n<\/ul>\n<h1><\/h1>\n<hr \/>\n<h1><\/h1>\n<div id=\"attachment_134\" style=\"width: 308px\" class=\"wp-caption alignleft\"><a href=\"http:\/\/luzdesol.com.br\/wp-content\/uploads\/2015\/05\/784539_345832641.jpg\"><img aria-describedby=\"caption-attachment-134\" loading=\"lazy\" class=\"wp-image-134 \" src=\"http:\/\/luzdesol.com.br\/wp-content\/uploads\/2015\/05\/784539_345832641-300x207.jpg\" alt=\"784539_34583264\" width=\"298\" height=\"206\" srcset=\"https:\/\/luzdesol.com.br\/wp-content\/uploads\/2015\/05\/784539_345832641-300x207.jpg 300w, https:\/\/luzdesol.com.br\/wp-content\/uploads\/2015\/05\/784539_345832641-1024x707.jpg 1024w, https:\/\/luzdesol.com.br\/wp-content\/uploads\/2015\/05\/784539_345832641.jpg 1154w\" sizes=\"(max-width: 298px) 100vw, 298px\" \/><\/a><p id=\"caption-attachment-134\" class=\"wp-caption-text\">Paineis Fotovoltaicos<\/p><\/div>\n<div id=\"attachment_136\" style=\"width: 160px\" class=\"wp-caption alignleft\"><a href=\"http:\/\/luzdesol.com.br\/wp-content\/uploads\/2015\/05\/Inversor.jpg\"><img aria-describedby=\"caption-attachment-136\" loading=\"lazy\" class=\"wp-image-136\" src=\"http:\/\/luzdesol.com.br\/wp-content\/uploads\/2015\/05\/Inversor-218x300.jpg\" alt=\"Inversor\" width=\"150\" height=\"206\" srcset=\"https:\/\/luzdesol.com.br\/wp-content\/uploads\/2015\/05\/Inversor-218x300.jpg 218w, https:\/\/luzdesol.com.br\/wp-content\/uploads\/2015\/05\/Inversor.jpg 300w\" sizes=\"(max-width: 150px) 100vw, 150px\" \/><\/a><p id=\"caption-attachment-136\" class=\"wp-caption-text\">Inversor<\/p><\/div>\n<ul>\n<li style=\"text-align: justify;\">\u00a0Aprovado previamente pela Companhia distribuidora, nosso sistema \u00e9 instalado de maneira pr\u00e1tica, r\u00e1pida (3dias), sem impactar o funcionamento da resid\u00eancia e o cotidiano dos moradores, e \u00e9 reconhecido pela sua\u00a0 tecnologia pioneira, sustent\u00e1vel e com longa vida \u00fatil .<\/li>\n<\/ul>\n<p>&nbsp;<\/p>\n<ul>\n<li style=\"text-align: justify;\">Com 25 anos de garantia, destina-se prioritariamente ao mercado residencial, al\u00e9m de pequenas empresas, como padarias, oficinas, postos de combust\u00edvel, academias de gin\u00e1stica, edif\u00edcios corporativos, escolas e outras de m\u00e9dio ou pequeno porte, pertencente a qualquer setor da economia.<\/li>\n<\/ul>\n","protected":false},"excerpt":{"rendered":"<p>&nbsp; &nbsp; &nbsp; Os paineis fotovoltaicos (1), fabricados com c\u00e9lulas de sil\u00edcio, captam a luz solar, cuja radia\u00e7\u00e3o gera um movimento de el\u00e9trons que produzem energia em corrente cont\u00ednua. Conduzida ao aparelho inversor (2), a energia \u00e9 transformada em corrente alternada, prioritariamente abastecendo o consumo da resid\u00eancia (3). &nbsp; Quando essa gera\u00e7\u00e3o \u00e9 maior que [&hellip;]<\/p>\n","protected":false},"author":1,"featured_media":0,"parent":0,"menu_order":2,"comment_status":"open","ping_status":"closed","template":"","meta":[],"_links":{"self":[{"href":"https:\/\/luzdesol.com.br\/index.php?rest_route=\/wp\/v2\/pages\/11"}],"collection":[{"href":"https:\/\/luzdesol.com.br\/index.php?rest_route=\/wp\/v2\/pages"}],"about":[{"href":"https:\/\/luzdesol.com.br\/index.php?rest_route=\/wp\/v2\/types\/page"}],"author":[{"embeddable":true,"href":"https:\/\/luzdesol.com.br\/index.php?rest_route=\/wp\/v2\/users\/1"}],"replies":[{"embeddable":true,"href":"https:\/\/luzdesol.com.br\/index.php?rest_route=%2Fwp%2Fv2%2Fcomments&post=11"}],"version-history":[{"count":71,"href":"https:\/\/luzdesol.com.br\/index.php?rest_route=\/wp\/v2\/pages\/11\/revisions"}],"predecessor-version":[{"id":485,"href":"https:\/\/luzdesol.com.br\/index.php?rest_route=\/wp\/v2\/pages\/11\/revisions\/485"}],"wp:attachment":[{"href":"https:\/\/luzdesol.com.br\/index.php?rest_route=%2Fwp%2Fv2%2Fmedia&parent=11"}],"curies":[{"name":"wp","href":"https:\/\/api.w.org\/{rel}","templated":true}]}}