{"id":169,"date":"2015-05-13T13:47:13","date_gmt":"2015-05-13T13:47:13","guid":{"rendered":"http:\/\/luzdesol.com.br\/?page_id=169"},"modified":"2015-05-14T14:27:40","modified_gmt":"2015-05-14T14:27:40","slug":"rural-house","status":"publish","type":"page","link":"https:\/\/luzdesol.com.br\/?page_id=169","title":{"rendered":"Rural House &#038; Pump System"},"content":{"rendered":"<p style=\"text-align: justify;\"><a href=\"http:\/\/luzdesol.com.br\/wp-content\/uploads\/2015\/05\/Rural-House3.jpg\"><img loading=\"lazy\" class=\" wp-image-203 alignleft\" src=\"http:\/\/luzdesol.com.br\/wp-content\/uploads\/2015\/05\/Rural-House3-300x203.jpg\" alt=\"\" width=\"500\" height=\"338\" srcset=\"https:\/\/luzdesol.com.br\/wp-content\/uploads\/2015\/05\/Rural-House3-300x203.jpg 300w, https:\/\/luzdesol.com.br\/wp-content\/uploads\/2015\/05\/Rural-House3.jpg 970w\" sizes=\"(max-width: 500px) 100vw, 500px\" \/><\/a><strong>Rural House &#8211; Inovador sistema solar (Kit para resid\u00eancias rurais)<\/strong><br \/>\nNosso sistema \u00e9 desenhado para suprimento de energia onde a rede el\u00e9trica n\u00e3o \u00e9 dispon\u00edvel ou \u00e9 insuficiente. S\u00e3o solu\u00e7\u00f5es integradas para suprimento de energia na \u00e1rea rural, que n\u00e3o requerem nenhum combust\u00edvel e operam com baix\u00edssimos custos de manuten\u00e7\u00e3o.<\/p>\n<h1 style=\"text-align: justify;\"><\/h1>\n<p style=\"text-align: justify;\"><a href=\"http:\/\/luzdesol.com.br\/wp-content\/uploads\/2015\/05\/punp-system1.jpg\"><img loading=\"lazy\" class=\" wp-image-204 alignleft\" src=\"http:\/\/luzdesol.com.br\/wp-content\/uploads\/2015\/05\/punp-system1-201x300.jpg\" alt=\"\" width=\"335\" height=\"500\" srcset=\"https:\/\/luzdesol.com.br\/wp-content\/uploads\/2015\/05\/punp-system1-201x300.jpg 201w, https:\/\/luzdesol.com.br\/wp-content\/uploads\/2015\/05\/punp-system1.jpg 434w\" sizes=\"(max-width: 335px) 100vw, 335px\" \/><\/a><strong>Pump System &#8211; Inovador sistema de bombeamento (Kit para esta\u00e7\u00f5es rurais de bombeamento)<\/strong><\/p>\n<p style=\"text-align: justify;\">Sistema pr\u00f3prio para suprimento de energia a esta\u00e7\u00f5es de bombeamento rural, onde a rede el\u00e9trica n\u00e3o \u00e9 dispon\u00edvel ou \u00e9 insuficiente. S\u00e3o competitivos e mais baratos em rela\u00e7\u00e3o aos sistemas que operam com \u00f3leo diesel, visto que n\u00e3o necessitam de nenhum combust\u00edvel e os custos de manuten\u00e7\u00e3o s\u00e3o m\u00ednimos.<\/p>\n<h1 style=\"text-align: justify;\"><\/h1>\n<p style=\"text-align: center;\"><strong><a href=\"http:\/\/luzdesol.com.br\/?page_id=13\">\u2666 Solicite um or\u00e7amento \u2666<\/a><\/strong><\/p>\n","protected":false},"excerpt":{"rendered":"<p>Rural House &#8211; Inovador sistema solar (Kit para resid\u00eancias rurais) Nosso sistema \u00e9 desenhado para suprimento de energia onde a rede el\u00e9trica n\u00e3o \u00e9 dispon\u00edvel ou \u00e9 insuficiente. S\u00e3o solu\u00e7\u00f5es integradas para suprimento de energia na \u00e1rea rural, que n\u00e3o requerem nenhum combust\u00edvel e operam com baix\u00edssimos custos de manuten\u00e7\u00e3o. Pump System &#8211; Inovador sistema [&hellip;]<\/p>\n","protected":false},"author":1,"featured_media":93,"parent":82,"menu_order":0,"comment_status":"closed","ping_status":"closed","template":"","meta":[],"_links":{"self":[{"href":"https:\/\/luzdesol.com.br\/index.php?rest_route=\/wp\/v2\/pages\/169"}],"collection":[{"href":"https:\/\/luzdesol.com.br\/index.php?rest_route=\/wp\/v2\/pages"}],"about":[{"href":"https:\/\/luzdesol.com.br\/index.php?rest_route=\/wp\/v2\/types\/page"}],"author":[{"embeddable":true,"href":"https:\/\/luzdesol.com.br\/index.php?rest_route=\/wp\/v2\/users\/1"}],"replies":[{"embeddable":true,"href":"https:\/\/luzdesol.com.br\/index.php?rest_route=%2Fwp%2Fv2%2Fcomments&post=169"}],"version-history":[{"count":27,"href":"https:\/\/luzdesol.com.br\/index.php?rest_route=\/wp\/v2\/pages\/169\/revisions"}],"predecessor-version":[{"id":278,"href":"https:\/\/luzdesol.com.br\/index.php?rest_route=\/wp\/v2\/pages\/169\/revisions\/278"}],"up":[{"embeddable":true,"href":"https:\/\/luzdesol.com.br\/index.php?rest_route=\/wp\/v2\/pages\/82"}],"wp:featuredmedia":[{"embeddable":true,"href":"https:\/\/luzdesol.com.br\/index.php?rest_route=\/wp\/v2\/media\/93"}],"wp:attachment":[{"href":"https:\/\/luzdesol.com.br\/index.php?rest_route=%2Fwp%2Fv2%2Fmedia&parent=169"}],"curies":[{"name":"wp","href":"https:\/\/api.w.org\/{rel}","templated":true}]}}