{"id":25,"date":"2015-05-03T20:52:00","date_gmt":"2015-05-03T20:52:00","guid":{"rendered":"http:\/\/luzdesol.com.br\/?page_id=25"},"modified":"2015-05-12T13:35:26","modified_gmt":"2015-05-12T13:35:26","slug":"empresa","status":"publish","type":"page","link":"https:\/\/luzdesol.com.br\/?page_id=25","title":{"rendered":"Quem Somos"},"content":{"rendered":"<ul>\n<li style=\"text-align: justify;\"><strong>Onde estamos:<\/strong><\/li>\n<\/ul>\n<p style=\"text-align: justify; padding-left: 30px;\">Com sede em Ribeir\u00e3o Preto, ao norte do Estado de S\u00e3o Paulo, fornecemos o sistema que transforma em energia el\u00e9trica a luz solar captada atrav\u00e9s de placas fotovoltaicas instaladas no telhado, funcionando como uma microgera\u00e7\u00e3o, em que voc\u00ea produz sua pr\u00f3pria energia.<\/p>\n<ul style=\"text-align: justify;\">\n<li><strong>Nosso modelo:<\/strong><\/li>\n<\/ul>\n<p style=\"text-align: justify; padding-left: 30px;\">Nosso moderno e inovador modelo de neg\u00f3cio proporciona-lhe o poder de gerar a pr\u00f3pria energia atrav\u00e9s de uma fonte limpa, renov\u00e1vel e inesgot\u00e1vel, com importante economia mensal na conta de energia, pois ao gerar mais que consome, automaticamente alimenta a rede da companhia que credita-lhe o valor correspondente.<\/p>\n<ul style=\"text-align: justify;\">\n<li><strong>Nossa Miss\u00e3o:<\/strong><\/li>\n<\/ul>\n<p style=\"text-align: justify; padding-left: 30px;\">Proporcionar energia a partir da luz solar com baixo custo para as pessoas, de modo sustent\u00e1vel e por toda a vida.<\/p>\n<ul style=\"text-align: justify;\">\n<li><strong>Nossa Vis\u00e3o:<\/strong><\/li>\n<\/ul>\n<p style=\"text-align: justify; padding-left: 30px;\">Ser a n\u00famero 1 no Mercado Nacional, e importante refer\u00eancia internacional.<\/p>\n","protected":false},"excerpt":{"rendered":"<p>Onde estamos: Com sede em Ribeir\u00e3o Preto, ao norte do Estado de S\u00e3o Paulo, fornecemos o sistema que transforma em energia el\u00e9trica a luz solar captada atrav\u00e9s de placas fotovoltaicas instaladas no telhado, funcionando como uma microgera\u00e7\u00e3o, em que voc\u00ea produz sua pr\u00f3pria energia. Nosso modelo: Nosso moderno e inovador modelo de neg\u00f3cio proporciona-lhe o [&hellip;]<\/p>\n","protected":false},"author":1,"featured_media":0,"parent":0,"menu_order":4,"comment_status":"open","ping_status":"open","template":"","meta":[],"_links":{"self":[{"href":"https:\/\/luzdesol.com.br\/index.php?rest_route=\/wp\/v2\/pages\/25"}],"collection":[{"href":"https:\/\/luzdesol.com.br\/index.php?rest_route=\/wp\/v2\/pages"}],"about":[{"href":"https:\/\/luzdesol.com.br\/index.php?rest_route=\/wp\/v2\/types\/page"}],"author":[{"embeddable":true,"href":"https:\/\/luzdesol.com.br\/index.php?rest_route=\/wp\/v2\/users\/1"}],"replies":[{"embeddable":true,"href":"https:\/\/luzdesol.com.br\/index.php?rest_route=%2Fwp%2Fv2%2Fcomments&post=25"}],"version-history":[{"count":12,"href":"https:\/\/luzdesol.com.br\/index.php?rest_route=\/wp\/v2\/pages\/25\/revisions"}],"predecessor-version":[{"id":66,"href":"https:\/\/luzdesol.com.br\/index.php?rest_route=\/wp\/v2\/pages\/25\/revisions\/66"}],"wp:attachment":[{"href":"https:\/\/luzdesol.com.br\/index.php?rest_route=%2Fwp%2Fv2%2Fmedia&parent=25"}],"curies":[{"name":"wp","href":"https:\/\/api.w.org\/{rel}","templated":true}]}}