{"id":84,"date":"2015-05-11T16:19:10","date_gmt":"2015-05-11T16:19:10","guid":{"rendered":"http:\/\/luzdesol.com.br\/?page_id=84"},"modified":"2019-03-24T19:01:34","modified_gmt":"2019-03-24T19:01:34","slug":"produtos-parceiros","status":"publish","type":"page","link":"https:\/\/luzdesol.com.br\/?page_id=84","title":{"rendered":"Produtos &#038; Parceiros"},"content":{"rendered":"<p style=\"text-align: justify;\"><strong>1<\/strong>&#8211;<strong>Parceiros<\/strong><\/p>\n<p style=\"text-align: justify;\">N\u00f3s, da Luz de Sol, nos orgulhamos em ter como parceiros importantes empresas de alta tecnologia, como a MonteSolar, al\u00e9m de outros fornecedores e distribuidores de alta reputa\u00e7\u00e3o nacional e internacional, que oferecem alta qualidade em todos os produtos e servi\u00e7os.<\/p>\n<p style=\"text-align: justify;\">Somos especialistas no desenvolvimento de solu\u00e7\u00f5es de comercializa\u00e7\u00e3o para o fornecimento de sistemas integrados incluindo c\u00e9lulas, inversores, m\u00f3dulos e materiais certificados.<\/p>\n<p style=\"text-align: justify;\">O nosso foco \u00e9 oferecer produtos da mais alta qualidade ao mais baixo custo.<\/p>\n<p style=\"text-align: justify;\">Por favor, envie seu pedido de parceria para <a href=\"mailto:cantidio@luzdesol.com.br\">cantidio@luzdesol.com.br<\/a><\/p>\n<p style=\"text-align: justify;\">Nossa parceira MonteSolar \u00e9 empresa de alta tecnologia para obten\u00e7\u00e3o de energia limpa e renov\u00e1vel, com engenheiros altamente capacitados a oferecer sistemas modernos para a gera\u00e7\u00e3o fotovoltaica.<\/p>\n<p style=\"text-align: justify;\"><strong>2-Instala\u00e7\u00e3o e Monitoramento<\/strong><\/p>\n<p style=\"text-align: justify;\">Veja a montagem de uma instala\u00e7\u00e3o residencial com gera\u00e7\u00e3o de 480 kwh\/mes e o monitoramento em tempo real de produ\u00e7\u00e3o de energia de uma resid\u00eancia gerando 300 kwh \/mes:\u00a0 acesse o <span style=\"color: #0000ff;\"><strong><a style=\"color: #0000ff;\" href=\"http:\/\/luzdesol.com.br\/?page_id=333\"><em>link<\/em> <\/a><\/strong><\/span><\/p>\n<p><strong>\u00a0<\/strong><\/p>\n<p style=\"text-align: justify;\"><strong>\u00a0<\/strong><\/p>\n","protected":false},"excerpt":{"rendered":"<p>1&#8211;Parceiros N\u00f3s, da Luz de Sol, nos orgulhamos em ter como parceiros importantes empresas de alta tecnologia, como a MonteSolar, al\u00e9m de outros fornecedores e distribuidores de alta reputa\u00e7\u00e3o nacional e internacional, que oferecem alta qualidade em todos os produtos e servi\u00e7os. Somos especialistas no desenvolvimento de solu\u00e7\u00f5es de comercializa\u00e7\u00e3o para o fornecimento de sistemas [&hellip;]<\/p>\n","protected":false},"author":1,"featured_media":0,"parent":0,"menu_order":3,"comment_status":"open","ping_status":"open","template":"","meta":[],"_links":{"self":[{"href":"https:\/\/luzdesol.com.br\/index.php?rest_route=\/wp\/v2\/pages\/84"}],"collection":[{"href":"https:\/\/luzdesol.com.br\/index.php?rest_route=\/wp\/v2\/pages"}],"about":[{"href":"https:\/\/luzdesol.com.br\/index.php?rest_route=\/wp\/v2\/types\/page"}],"author":[{"embeddable":true,"href":"https:\/\/luzdesol.com.br\/index.php?rest_route=\/wp\/v2\/users\/1"}],"replies":[{"embeddable":true,"href":"https:\/\/luzdesol.com.br\/index.php?rest_route=%2Fwp%2Fv2%2Fcomments&post=84"}],"version-history":[{"count":73,"href":"https:\/\/luzdesol.com.br\/index.php?rest_route=\/wp\/v2\/pages\/84\/revisions"}],"predecessor-version":[{"id":639,"href":"https:\/\/luzdesol.com.br\/index.php?rest_route=\/wp\/v2\/pages\/84\/revisions\/639"}],"wp:attachment":[{"href":"https:\/\/luzdesol.com.br\/index.php?rest_route=%2Fwp%2Fv2%2Fmedia&parent=84"}],"curies":[{"name":"wp","href":"https:\/\/api.w.org\/{rel}","templated":true}]}}